{"id":111,"date":"2016-11-22T11:30:00","date_gmt":"2016-11-22T10:30:00","guid":{"rendered":"http:\/\/alexandrabergery.fr\/?page_id=111"},"modified":"2026-04-20T10:19:20","modified_gmt":"2026-04-20T08:19:20","slug":"expositions","status":"publish","type":"page","link":"https:\/\/www.alexandrabergery.fr\/index.php\/expositions\/","title":{"rendered":"Expositions"},"content":{"rendered":"<h1><img decoding=\"async\" loading=\"lazy\" class=\"alignleft wp-image-31\" src=\"http:\/\/alexandrabergery.fr\/wp-content\/uploads\/2016\/10\/cropped-logo1a-1-300x300.jpg\" alt=\"LogoAB\" width=\"69\" height=\"69\" srcset=\"https:\/\/www.alexandrabergery.fr\/wp-content\/uploads\/2016\/10\/cropped-logo1a-1-300x300.jpg 300w, https:\/\/www.alexandrabergery.fr\/wp-content\/uploads\/2016\/10\/cropped-logo1a-1-150x150.jpg 150w, https:\/\/www.alexandrabergery.fr\/wp-content\/uploads\/2016\/10\/cropped-logo1a-1-270x270.jpg 270w, https:\/\/www.alexandrabergery.fr\/wp-content\/uploads\/2016\/10\/cropped-logo1a-1-192x192.jpg 192w, https:\/\/www.alexandrabergery.fr\/wp-content\/uploads\/2016\/10\/cropped-logo1a-1-180x180.jpg 180w, https:\/\/www.alexandrabergery.fr\/wp-content\/uploads\/2016\/10\/cropped-logo1a-1-32x32.jpg 32w, https:\/\/www.alexandrabergery.fr\/wp-content\/uploads\/2016\/10\/cropped-logo1a-1.jpg 512w\" sizes=\"(max-width: 69px) 100vw, 69px\" \/><\/h1>\n<p>\u00e0 la recherche de lieu d&rsquo;exposition, n&rsquo;h\u00e9sitez pas \u00e0 me contacter si vous en connaissez.<\/p>\n<ul>\n<li><a href=\"https:\/\/www.youtube.com\/watch?v=tAWfV8OO10E\" target=\"_blank\" rel=\"noopener\">VIDEO Exposition GALERIE LA SOURCE FONTAINE LES DIJON<\/a><\/li>\n<\/ul>\n<p>&nbsp;<\/p>\n<ul>\n<li>Petit article paru dans maison &amp; jardin septembre 2022 : <img decoding=\"async\" loading=\"lazy\" class=\"size-medium wp-image-1239 alignleft\" src=\"https:\/\/www.alexandrabergery.fr\/wp-content\/uploads\/2022\/09\/MOSAISTE-ALEXANDRA-BERGERY-221x300.jpeg\" alt=\"\" width=\"221\" height=\"300\" srcset=\"https:\/\/www.alexandrabergery.fr\/wp-content\/uploads\/2022\/09\/MOSAISTE-ALEXANDRA-BERGERY-221x300.jpeg 221w, https:\/\/www.alexandrabergery.fr\/wp-content\/uploads\/2022\/09\/MOSAISTE-ALEXANDRA-BERGERY-754x1024.jpeg 754w, https:\/\/www.alexandrabergery.fr\/wp-content\/uploads\/2022\/09\/MOSAISTE-ALEXANDRA-BERGERY-768x1043.jpeg 768w, https:\/\/www.alexandrabergery.fr\/wp-content\/uploads\/2022\/09\/MOSAISTE-ALEXANDRA-BERGERY.jpeg 826w\" sizes=\"(max-width: 221px) 100vw, 221px\" \/><\/li>\n<\/ul>\n<p>&nbsp;<\/p>\n<p>&nbsp;<\/p>\n<p>&nbsp;<\/p>\n","protected":false},"excerpt":{"rendered":"<p>\u00e0 la recherche de lieu d&rsquo;exposition, n&rsquo;h\u00e9sitez pas \u00e0 me contacter si vous en connaissez. VIDEO Exposition GALERIE LA SOURCE FONTAINE LES DIJON &nbsp; Petit article paru dans maison &amp; jardin septembre 2022 : &nbsp; &nbsp; &nbsp;<\/p>\n","protected":false},"author":1,"featured_media":0,"parent":0,"menu_order":0,"comment_status":"closed","ping_status":"closed","template":"onecolumn-page.php","meta":{"ngg_post_thumbnail":0},"_links":{"self":[{"href":"https:\/\/www.alexandrabergery.fr\/index.php\/wp-json\/wp\/v2\/pages\/111"}],"collection":[{"href":"https:\/\/www.alexandrabergery.fr\/index.php\/wp-json\/wp\/v2\/pages"}],"about":[{"href":"https:\/\/www.alexandrabergery.fr\/index.php\/wp-json\/wp\/v2\/types\/page"}],"author":[{"embeddable":true,"href":"https:\/\/www.alexandrabergery.fr\/index.php\/wp-json\/wp\/v2\/users\/1"}],"replies":[{"embeddable":true,"href":"https:\/\/www.alexandrabergery.fr\/index.php\/wp-json\/wp\/v2\/comments?post=111"}],"version-history":[{"count":217,"href":"https:\/\/www.alexandrabergery.fr\/index.php\/wp-json\/wp\/v2\/pages\/111\/revisions"}],"predecessor-version":[{"id":1512,"href":"https:\/\/www.alexandrabergery.fr\/index.php\/wp-json\/wp\/v2\/pages\/111\/revisions\/1512"}],"wp:attachment":[{"href":"https:\/\/www.alexandrabergery.fr\/index.php\/wp-json\/wp\/v2\/media?parent=111"}],"curies":[{"name":"wp","href":"https:\/\/api.w.org\/{rel}","templated":true}]}}