{"id":1410,"date":"2024-10-27T16:35:51","date_gmt":"2024-10-27T15:35:51","guid":{"rendered":"https:\/\/www.alexandrabergery.fr\/?page_id=1410"},"modified":"2026-03-09T10:43:58","modified_gmt":"2026-03-09T09:43:58","slug":"livres","status":"publish","type":"page","link":"https:\/\/www.alexandrabergery.fr\/index.php\/livres\/","title":{"rendered":"Soleils Int\u00e9rieurs"},"content":{"rendered":"<p>Ces ouvrages sont disponibles <strong>\u00e0 l&rsquo;atelier<\/strong> , <strong>ou sur demande<\/strong> par mail.<\/p>\n<ul>\n<li>Catalogue de l&rsquo;exposition de janvier 2024 \u00e0 la galerie La source \u00e0 Fontaine les Dijon.<\/li>\n<\/ul>\n<p><a href=\"https:\/\/www.alexandrabergery.fr\/wp-content\/uploads\/2024\/11\/Couverture-catalogue-la-source-2024.pdf\">Couverture catalogue la source 2024<\/a><\/p>\n<ul>\n<li>Stella, l&rsquo;histoire d&rsquo;une petite \u00e9toile :<\/li>\n<\/ul>\n<p><a href=\"https:\/\/www.alexandrabergery.fr\/wp-content\/uploads\/2024\/11\/presentationstella1.pdf\">pr\u00e9sentationstella1<\/a><\/p>\n<p><a href=\"https:\/\/www.alexandrabergery.fr\/wp-content\/uploads\/2024\/11\/Presentation2-stella.pdf\">Pr\u00e9sentation2 stella<\/a><\/p>\n<p>&nbsp;<\/p>\n","protected":false},"excerpt":{"rendered":"<p>Ces ouvrages sont disponibles \u00e0 l&rsquo;atelier , ou sur demande par mail. Catalogue de l&rsquo;exposition de janvier 2024 \u00e0 la galerie La source \u00e0 Fontaine les Dijon. Couverture catalogue la source 2024 Stella, l&rsquo;histoire d&rsquo;une petite \u00e9toile : pr\u00e9sentationstella1 Pr\u00e9sentation2 &hellip; <a href=\"https:\/\/www.alexandrabergery.fr\/index.php\/livres\/\">Continuer la lecture <span class=\"meta-nav\">&rarr;<\/span><\/a><\/p>\n","protected":false},"author":1,"featured_media":0,"parent":0,"menu_order":0,"comment_status":"closed","ping_status":"closed","template":"","meta":{"ngg_post_thumbnail":0},"_links":{"self":[{"href":"https:\/\/www.alexandrabergery.fr\/index.php\/wp-json\/wp\/v2\/pages\/1410"}],"collection":[{"href":"https:\/\/www.alexandrabergery.fr\/index.php\/wp-json\/wp\/v2\/pages"}],"about":[{"href":"https:\/\/www.alexandrabergery.fr\/index.php\/wp-json\/wp\/v2\/types\/page"}],"author":[{"embeddable":true,"href":"https:\/\/www.alexandrabergery.fr\/index.php\/wp-json\/wp\/v2\/users\/1"}],"replies":[{"embeddable":true,"href":"https:\/\/www.alexandrabergery.fr\/index.php\/wp-json\/wp\/v2\/comments?post=1410"}],"version-history":[{"count":10,"href":"https:\/\/www.alexandrabergery.fr\/index.php\/wp-json\/wp\/v2\/pages\/1410\/revisions"}],"predecessor-version":[{"id":1498,"href":"https:\/\/www.alexandrabergery.fr\/index.php\/wp-json\/wp\/v2\/pages\/1410\/revisions\/1498"}],"wp:attachment":[{"href":"https:\/\/www.alexandrabergery.fr\/index.php\/wp-json\/wp\/v2\/media?parent=1410"}],"curies":[{"name":"wp","href":"https:\/\/api.w.org\/{rel}","templated":true}]}}