{"id":2,"date":"2016-10-07T18:48:33","date_gmt":"2016-10-07T16:48:33","guid":{"rendered":"http:\/\/alexandrabergery.fr\/?page_id=2"},"modified":"2026-04-20T16:58:27","modified_gmt":"2026-04-20T14:58:27","slug":"page-d-exemple","status":"publish","type":"page","link":"https:\/\/www.alexandrabergery.fr\/","title":{"rendered":"Accueil"},"content":{"rendered":"<h3 class=\"western\"><img decoding=\"async\" loading=\"lazy\" class=\"alignnone wp-image-129\" src=\"http:\/\/alexandrabergery.fr\/wp-content\/uploads\/2016\/10\/IMGP0533-300x300.jpg\" width=\"121\" height=\"121\" srcset=\"https:\/\/www.alexandrabergery.fr\/wp-content\/uploads\/2016\/10\/IMGP0533-300x300.jpg 300w, https:\/\/www.alexandrabergery.fr\/wp-content\/uploads\/2016\/10\/IMGP0533-150x150.jpg 150w, https:\/\/www.alexandrabergery.fr\/wp-content\/uploads\/2016\/10\/IMGP0533-768x768.jpg 768w, https:\/\/www.alexandrabergery.fr\/wp-content\/uploads\/2016\/10\/IMGP0533-1024x1024.jpg 1024w\" sizes=\"(max-width: 121px) 100vw, 121px\" \/>&nbsp;&nbsp;&nbsp;&nbsp; <img decoding=\"async\" loading=\"lazy\" class=\"alignnone wp-image-130\" src=\"http:\/\/alexandrabergery.fr\/wp-content\/uploads\/2016\/10\/IMGP0542-300x300.jpg\" alt=\"La coupe\" width=\"121\" height=\"121\" srcset=\"https:\/\/www.alexandrabergery.fr\/wp-content\/uploads\/2016\/10\/IMGP0542-300x300.jpg 300w, https:\/\/www.alexandrabergery.fr\/wp-content\/uploads\/2016\/10\/IMGP0542-150x150.jpg 150w, https:\/\/www.alexandrabergery.fr\/wp-content\/uploads\/2016\/10\/IMGP0542-768x771.jpg 768w, https:\/\/www.alexandrabergery.fr\/wp-content\/uploads\/2016\/10\/IMGP0542-1020x1024.jpg 1020w\" sizes=\"(max-width: 121px) 100vw, 121px\" \/> <img decoding=\"async\" loading=\"lazy\" class=\"alignnone wp-image-131\" src=\"http:\/\/alexandrabergery.fr\/wp-content\/uploads\/2016\/10\/IMGP0550-300x300.jpg\" alt=\"La pose\" width=\"121\" height=\"121\" srcset=\"https:\/\/www.alexandrabergery.fr\/wp-content\/uploads\/2016\/10\/IMGP0550-300x300.jpg 300w, https:\/\/www.alexandrabergery.fr\/wp-content\/uploads\/2016\/10\/IMGP0550-150x150.jpg 150w, https:\/\/www.alexandrabergery.fr\/wp-content\/uploads\/2016\/10\/IMGP0550-768x768.jpg 768w, https:\/\/www.alexandrabergery.fr\/wp-content\/uploads\/2016\/10\/IMGP0550-1024x1024.jpg 1024w\" sizes=\"(max-width: 121px) 100vw, 121px\" \/><\/h3>\n<h4 class=\"western\"><span style=\"color: #800080;\">Mes Outils: la marteline &amp; le tranchet.<\/span><\/h4>\n<h2><span style=\"color: #000080;\"><em><strong>Mon m\u00e9tier,<\/strong> c&rsquo;est de cr\u00e9er et de vous accompagner lors de stages.<\/em><\/span><\/h2>\n<h3 class=\"western\"><span style=\"color: #000080;\"><em><strong>&nbsp;&nbsp;<span style=\"color: #0000ff;\">&nbsp; Dipl\u00f4m\u00e9e de l\u2019\u00c9cole des mosa\u00efstes de Spilimberg<\/span><\/strong><span style=\"color: #0000ff;\"><strong>o <\/strong>en Italie, en 2009, cr\u00e9er est quelque chose d&rsquo;essentiel pour moi.<\/span><\/em><\/span><em><br \/>\n<\/em><\/h3>\n<p>L&rsquo;Univers est \u00ab\u00a0invisible\u00a0\u00bb par nos yeux de chair. J&rsquo;aime l&rsquo;imaginer et tenter de comprendre&nbsp; comment il s&rsquo;organise, afin de vous en transmettre mon regard.&nbsp;<\/p>\n<p>Puisque le cosmos signifie ordre, la mosa\u00efque tel que je la pratique est un assemblage de tesselle(chaque morceau) de diff\u00e9rents mat\u00e9riaux, couleurs, choisi puis ordonn\u00e9 pour former un Tout Harmonieux et coh\u00e9rent, qui tente de se rapprocher de celle du nombre d&rsquo;or.<\/p>\n<p><img decoding=\"async\" loading=\"lazy\" class=\"size-medium wp-image-838 alignleft\" src=\"https:\/\/www.alexandrabergery.fr\/wp-content\/uploads\/2020\/05\/P1040282b-300x109.jpg\" alt=\"\" width=\"300\" height=\"109\" srcset=\"https:\/\/www.alexandrabergery.fr\/wp-content\/uploads\/2020\/05\/P1040282b-300x109.jpg 300w, https:\/\/www.alexandrabergery.fr\/wp-content\/uploads\/2020\/05\/P1040282b-1024x371.jpg 1024w, https:\/\/www.alexandrabergery.fr\/wp-content\/uploads\/2020\/05\/P1040282b-768x278.jpg 768w, https:\/\/www.alexandrabergery.fr\/wp-content\/uploads\/2020\/05\/P1040282b-1536x557.jpg 1536w, https:\/\/www.alexandrabergery.fr\/wp-content\/uploads\/2020\/05\/P1040282b-2048x743.jpg 2048w\" sizes=\"(max-width: 300px) 100vw, 300px\" \/><\/p>\n<p>&nbsp;<\/p>\n<p><span style=\"color: #000080;\"><strong>Exemple de mat\u00e9riaux employ\u00e9s <\/strong>: smalt italien, p\u00e2te de verre, gr\u00e8s c\u00e9rame, tuile, marbre, graine&#8230;<\/span><\/p>\n<h3><span style=\"color: #000080;\"><em><span style=\"color: #0000ff;\"><strong>J&rsquo;expose<\/strong> mes cr\u00e9ations lors d<strong>&lsquo;expositions<\/strong> individuelles ou collectives,<\/span><strong><span style=\"color: #0000ff;\"> en France, principalement.<\/span><br \/>\n<\/strong><\/em><\/span><\/h3>\n<h3 class=\"western\">&nbsp;<\/h3>\n","protected":false},"excerpt":{"rendered":"<p>&nbsp;&nbsp;&nbsp;&nbsp; Mes Outils: la marteline &amp; le tranchet. Mon m\u00e9tier, c&rsquo;est de cr\u00e9er et de vous accompagner lors de stages. &nbsp;&nbsp;&nbsp; Dipl\u00f4m\u00e9e de l\u2019\u00c9cole des mosa\u00efstes de Spilimbergo en Italie, en 2009, cr\u00e9er est quelque chose d&rsquo;essentiel pour moi. L&rsquo;Univers &hellip; <a href=\"https:\/\/www.alexandrabergery.fr\/\">Continuer la lecture <span class=\"meta-nav\">&rarr;<\/span><\/a><\/p>\n","protected":false},"author":1,"featured_media":0,"parent":0,"menu_order":5,"comment_status":"closed","ping_status":"open","template":"","meta":{"ngg_post_thumbnail":0},"_links":{"self":[{"href":"https:\/\/www.alexandrabergery.fr\/index.php\/wp-json\/wp\/v2\/pages\/2"}],"collection":[{"href":"https:\/\/www.alexandrabergery.fr\/index.php\/wp-json\/wp\/v2\/pages"}],"about":[{"href":"https:\/\/www.alexandrabergery.fr\/index.php\/wp-json\/wp\/v2\/types\/page"}],"author":[{"embeddable":true,"href":"https:\/\/www.alexandrabergery.fr\/index.php\/wp-json\/wp\/v2\/users\/1"}],"replies":[{"embeddable":true,"href":"https:\/\/www.alexandrabergery.fr\/index.php\/wp-json\/wp\/v2\/comments?post=2"}],"version-history":[{"count":73,"href":"https:\/\/www.alexandrabergery.fr\/index.php\/wp-json\/wp\/v2\/pages\/2\/revisions"}],"predecessor-version":[{"id":1524,"href":"https:\/\/www.alexandrabergery.fr\/index.php\/wp-json\/wp\/v2\/pages\/2\/revisions\/1524"}],"wp:attachment":[{"href":"https:\/\/www.alexandrabergery.fr\/index.php\/wp-json\/wp\/v2\/media?parent=2"}],"curies":[{"name":"wp","href":"https:\/\/api.w.org\/{rel}","templated":true}]}}