{"id":600,"date":"2019-05-15T14:32:20","date_gmt":"2019-05-15T12:32:20","guid":{"rendered":"https:\/\/www.alexandrabergery.fr\/?page_id=600"},"modified":"2026-03-25T14:54:48","modified_gmt":"2026-03-25T13:54:48","slug":"commandes","status":"publish","type":"page","link":"https:\/\/www.alexandrabergery.fr\/index.php\/commandes\/","title":{"rendered":"Commandes"},"content":{"rendered":"<p><em><strong><span style=\"color: #800080;\"><img decoding=\"async\" loading=\"lazy\" class=\"alignright size-thumbnail wp-image-746\" src=\"https:\/\/www.alexandrabergery.fr\/wp-content\/uploads\/2020\/01\/P1020908-150x150.jpg\" alt=\"\" width=\"150\" height=\"150\"><span style=\"color: #000080;\">&nbsp; Je r\u00e9alise des mosa\u00efques sur commande (tableaux, d\u00e9corations int\u00e9rieures&#8230;)<br \/>\n<\/span><\/span><\/strong><\/em><\/p>\n<p><span style=\"color: #0000ff;\"><em><strong>Quelques exemples ci-dessous.<\/strong><\/em><\/span><\/p>\n<p><span style=\"color: #000080;\"><em>&nbsp;&nbsp;&nbsp; N&rsquo;h\u00e9sitez pas \u00e0 me contacter pour vos projets, afin d&rsquo;\u00e9tablir un devis.&nbsp;&nbsp;<\/em><\/span><\/p>\n<p><span style=\"color: #000080;\"><em> La mosa\u00efque est un art extr\u00eamement perenne.<br \/>\n<\/em><\/span><\/p>\n<p>&nbsp;<\/p>\n<div id='gallery-1' class='gallery galleryid-600 gallery-columns-4 gallery-size-thumbnail'><dl class='gallery-item'>\n\t\t\t<dt class='gallery-icon landscape'>\n\t\t\t\t<a href='https:\/\/www.alexandrabergery.fr\/wp-content\/uploads\/2019\/05\/P1030117.jpg'><img width=\"150\" height=\"150\" src=\"https:\/\/www.alexandrabergery.fr\/wp-content\/uploads\/2019\/05\/P1030117-150x150.jpg\" class=\"attachment-thumbnail size-thumbnail\" alt=\"\" decoding=\"async\" loading=\"lazy\" \/><\/a>\n\t\t\t<\/dt><\/dl><dl class='gallery-item'>\n\t\t\t<dt class='gallery-icon landscape'>\n\t\t\t\t<a href='https:\/\/www.alexandrabergery.fr\/wp-content\/uploads\/2019\/05\/IMGP8681.jpg'><img width=\"150\" height=\"150\" src=\"https:\/\/www.alexandrabergery.fr\/wp-content\/uploads\/2019\/05\/IMGP8681-150x150.jpg\" class=\"attachment-thumbnail size-thumbnail\" alt=\"\" decoding=\"async\" loading=\"lazy\" \/><\/a>\n\t\t\t<\/dt><\/dl><dl class='gallery-item'>\n\t\t\t<dt class='gallery-icon landscape'>\n\t\t\t\t<a href='https:\/\/www.alexandrabergery.fr\/wp-content\/uploads\/2019\/05\/IMGP0033.jpg'><img width=\"150\" height=\"150\" src=\"https:\/\/www.alexandrabergery.fr\/wp-content\/uploads\/2019\/05\/IMGP0033-150x150.jpg\" class=\"attachment-thumbnail size-thumbnail\" alt=\"\" decoding=\"async\" loading=\"lazy\" \/><\/a>\n\t\t\t<\/dt><\/dl><dl class='gallery-item'>\n\t\t\t<dt class='gallery-icon portrait'>\n\t\t\t\t<a href='https:\/\/www.alexandrabergery.fr\/wp-content\/uploads\/2019\/05\/IMG_3786-2.jpg'><img width=\"150\" height=\"150\" src=\"https:\/\/www.alexandrabergery.fr\/wp-content\/uploads\/2019\/05\/IMG_3786-2-150x150.jpg\" class=\"attachment-thumbnail size-thumbnail\" alt=\"\" decoding=\"async\" loading=\"lazy\" \/><\/a>\n\t\t\t<\/dt><\/dl><br style=\"clear: both\" \/><dl class='gallery-item'>\n\t\t\t<dt class='gallery-icon landscape'>\n\t\t\t\t<a href='https:\/\/www.alexandrabergery.fr\/wp-content\/uploads\/2019\/05\/IMGP4361b.jpg'><img width=\"150\" height=\"150\" src=\"https:\/\/www.alexandrabergery.fr\/wp-content\/uploads\/2019\/05\/IMGP4361b-150x150.jpg\" class=\"attachment-thumbnail size-thumbnail\" alt=\"\" decoding=\"async\" loading=\"lazy\" \/><\/a>\n\t\t\t<\/dt><\/dl><dl class='gallery-item'>\n\t\t\t<dt class='gallery-icon portrait'>\n\t\t\t\t<a href='https:\/\/www.alexandrabergery.fr\/wp-content\/uploads\/2019\/05\/IMGP0322ptt.jpg'><img width=\"150\" height=\"150\" src=\"https:\/\/www.alexandrabergery.fr\/wp-content\/uploads\/2019\/05\/IMGP0322ptt-150x150.jpg\" class=\"attachment-thumbnail size-thumbnail\" alt=\"\" decoding=\"async\" loading=\"lazy\" srcset=\"https:\/\/www.alexandrabergery.fr\/wp-content\/uploads\/2019\/05\/IMGP0322ptt-150x150.jpg 150w, https:\/\/www.alexandrabergery.fr\/wp-content\/uploads\/2019\/05\/IMGP0322ptt-300x300.jpg 300w, https:\/\/www.alexandrabergery.fr\/wp-content\/uploads\/2019\/05\/IMGP0322ptt.jpg 500w\" sizes=\"(max-width: 150px) 100vw, 150px\" \/><\/a>\n\t\t\t<\/dt><\/dl><dl class='gallery-item'>\n\t\t\t<dt class='gallery-icon portrait'>\n\t\t\t\t<a href='https:\/\/www.alexandrabergery.fr\/wp-content\/uploads\/2020\/05\/P1040496b-scaled.jpg'><img width=\"150\" height=\"150\" src=\"https:\/\/www.alexandrabergery.fr\/wp-content\/uploads\/2020\/05\/P1040496b-150x150.jpg\" class=\"attachment-thumbnail size-thumbnail\" alt=\"Pillier de djed\" decoding=\"async\" loading=\"lazy\" \/><\/a>\n\t\t\t<\/dt><\/dl><dl class='gallery-item'>\n\t\t\t<dt class='gallery-icon portrait'>\n\t\t\t\t<a href='https:\/\/www.alexandrabergery.fr\/wp-content\/uploads\/2019\/05\/TMR_0569X.jpg'><img width=\"150\" height=\"150\" src=\"https:\/\/www.alexandrabergery.fr\/wp-content\/uploads\/2019\/05\/TMR_0569X-150x150.jpg\" class=\"attachment-thumbnail size-thumbnail\" alt=\"\" decoding=\"async\" loading=\"lazy\" \/><\/a>\n\t\t\t<\/dt><\/dl><br style=\"clear: both\" \/><dl class='gallery-item'>\n\t\t\t<dt class='gallery-icon portrait'>\n\t\t\t\t<a href='https:\/\/www.alexandrabergery.fr\/wp-content\/uploads\/2019\/05\/IMGP3160ptt.jpg'><img width=\"150\" height=\"150\" src=\"https:\/\/www.alexandrabergery.fr\/wp-content\/uploads\/2019\/05\/IMGP3160ptt-150x150.jpg\" class=\"attachment-thumbnail size-thumbnail\" alt=\"\" decoding=\"async\" loading=\"lazy\" \/><\/a>\n\t\t\t<\/dt><\/dl><dl class='gallery-item'>\n\t\t\t<dt class='gallery-icon landscape'>\n\t\t\t\t<a href='https:\/\/www.alexandrabergery.fr\/wp-content\/uploads\/2019\/05\/IMGP4127.jpg'><img width=\"150\" height=\"150\" src=\"https:\/\/www.alexandrabergery.fr\/wp-content\/uploads\/2019\/05\/IMGP4127-150x150.jpg\" class=\"attachment-thumbnail size-thumbnail\" alt=\"\" decoding=\"async\" loading=\"lazy\" \/><\/a>\n\t\t\t<\/dt><\/dl><dl class='gallery-item'>\n\t\t\t<dt class='gallery-icon landscape'>\n\t\t\t\t<a href='https:\/\/www.alexandrabergery.fr\/wp-content\/uploads\/2019\/05\/IMG_3155.jpg'><img width=\"150\" height=\"150\" src=\"https:\/\/www.alexandrabergery.fr\/wp-content\/uploads\/2019\/05\/IMG_3155-150x150.jpg\" class=\"attachment-thumbnail size-thumbnail\" alt=\"\" decoding=\"async\" loading=\"lazy\" \/><\/a>\n\t\t\t<\/dt><\/dl><dl class='gallery-item'>\n\t\t\t<dt class='gallery-icon portrait'>\n\t\t\t\t<a href='https:\/\/www.alexandrabergery.fr\/wp-content\/uploads\/2019\/05\/IMG_20180518_174740b.jpg'><img width=\"150\" height=\"150\" src=\"https:\/\/www.alexandrabergery.fr\/wp-content\/uploads\/2019\/05\/IMG_20180518_174740b-150x150.jpg\" class=\"attachment-thumbnail size-thumbnail\" alt=\"\" decoding=\"async\" loading=\"lazy\" \/><\/a>\n\t\t\t<\/dt><\/dl><br style=\"clear: both\" \/><dl class='gallery-item'>\n\t\t\t<dt class='gallery-icon portrait'>\n\t\t\t\t<a href='https:\/\/www.alexandrabergery.fr\/wp-content\/uploads\/2019\/05\/IMG_0944.jpg'><img width=\"150\" height=\"150\" src=\"https:\/\/www.alexandrabergery.fr\/wp-content\/uploads\/2019\/05\/IMG_0944-150x150.jpg\" class=\"attachment-thumbnail size-thumbnail\" alt=\"\" decoding=\"async\" loading=\"lazy\" \/><\/a>\n\t\t\t<\/dt><\/dl>\n\t\t\t<br style='clear: both' \/>\n\t\t<\/div>\n\n<p><img decoding=\"async\" loading=\"lazy\" class=\" wp-image-829 alignnone\" src=\"https:\/\/www.alexandrabergery.fr\/wp-content\/uploads\/2020\/05\/logoABergery-300x300.jpg\" alt=\"\" width=\"55\" height=\"55\" srcset=\"https:\/\/www.alexandrabergery.fr\/wp-content\/uploads\/2020\/05\/logoABergery-300x300.jpg 300w, https:\/\/www.alexandrabergery.fr\/wp-content\/uploads\/2020\/05\/logoABergery-1024x1024.jpg 1024w, https:\/\/www.alexandrabergery.fr\/wp-content\/uploads\/2020\/05\/logoABergery-150x150.jpg 150w, https:\/\/www.alexandrabergery.fr\/wp-content\/uploads\/2020\/05\/logoABergery-768x768.jpg 768w, https:\/\/www.alexandrabergery.fr\/wp-content\/uploads\/2020\/05\/logoABergery.jpg 1280w\" sizes=\"(max-width: 55px) 100vw, 55px\" \/><\/p>\n<div>&nbsp;<\/div>\n","protected":false},"excerpt":{"rendered":"<p>&nbsp; Je r\u00e9alise des mosa\u00efques sur commande (tableaux, d\u00e9corations int\u00e9rieures&#8230;) Quelques exemples ci-dessous. &nbsp;&nbsp;&nbsp; N&rsquo;h\u00e9sitez pas \u00e0 me contacter pour vos projets, afin d&rsquo;\u00e9tablir un devis.&nbsp;&nbsp; La mosa\u00efque est un art extr\u00eamement perenne. &nbsp; &nbsp;<\/p>\n","protected":false},"author":1,"featured_media":0,"parent":0,"menu_order":0,"comment_status":"closed","ping_status":"closed","template":"onecolumn-page.php","meta":{"ngg_post_thumbnail":0},"_links":{"self":[{"href":"https:\/\/www.alexandrabergery.fr\/index.php\/wp-json\/wp\/v2\/pages\/600"}],"collection":[{"href":"https:\/\/www.alexandrabergery.fr\/index.php\/wp-json\/wp\/v2\/pages"}],"about":[{"href":"https:\/\/www.alexandrabergery.fr\/index.php\/wp-json\/wp\/v2\/types\/page"}],"author":[{"embeddable":true,"href":"https:\/\/www.alexandrabergery.fr\/index.php\/wp-json\/wp\/v2\/users\/1"}],"replies":[{"embeddable":true,"href":"https:\/\/www.alexandrabergery.fr\/index.php\/wp-json\/wp\/v2\/comments?post=600"}],"version-history":[{"count":35,"href":"https:\/\/www.alexandrabergery.fr\/index.php\/wp-json\/wp\/v2\/pages\/600\/revisions"}],"predecessor-version":[{"id":1507,"href":"https:\/\/www.alexandrabergery.fr\/index.php\/wp-json\/wp\/v2\/pages\/600\/revisions\/1507"}],"wp:attachment":[{"href":"https:\/\/www.alexandrabergery.fr\/index.php\/wp-json\/wp\/v2\/media?parent=600"}],"curies":[{"name":"wp","href":"https:\/\/api.w.org\/{rel}","templated":true}]}}