{"id":754,"date":"2020-02-11T19:50:46","date_gmt":"2020-02-11T18:50:46","guid":{"rendered":"https:\/\/www.alexandrabergery.fr\/?page_id=754"},"modified":"2025-11-21T12:57:51","modified_gmt":"2025-11-21T11:57:51","slug":"realisations-lors-des-ateliers","status":"publish","type":"page","link":"https:\/\/www.alexandrabergery.fr\/index.php\/realisations-lors-des-ateliers\/","title":{"rendered":"R\u00e9alisations lors d&rsquo;ateliers(2010-2025)."},"content":{"rendered":"<p><a href=\"https:\/\/www.alexandrabergery.fr\/wp-content\/uploads\/2020\/02\/Sans-nom-2.pdf\"><img decoding=\"async\" loading=\"lazy\" class=\"alignright wp-image-760 size-full\" src=\"https:\/\/www.alexandrabergery.fr\/wp-content\/uploads\/2020\/02\/Sans-nom-1.jpg\" alt=\"\" width=\"793\" height=\"1123\" srcset=\"https:\/\/www.alexandrabergery.fr\/wp-content\/uploads\/2020\/02\/Sans-nom-1.jpg 793w, https:\/\/www.alexandrabergery.fr\/wp-content\/uploads\/2020\/02\/Sans-nom-1-212x300.jpg 212w, https:\/\/www.alexandrabergery.fr\/wp-content\/uploads\/2020\/02\/Sans-nom-1-768x1088.jpg 768w, https:\/\/www.alexandrabergery.fr\/wp-content\/uploads\/2020\/02\/Sans-nom-1-723x1024.jpg 723w\" sizes=\"(max-width: 793px) 100vw, 793px\" \/><\/a><span style=\"color: #003300;\">Projet collectif avec des \u00e9l\u00e8ves de 3\u00e8me au coll\u00e8ge Paul Fort \u00e0 Is sur Tille &amp; r\u00e9alisations lors d&rsquo;ateliers \u00e0 Saint Apollinaire, Espace Mosa\u00efque.<\/span><\/p>\n<p><a href=\"https:\/\/www.alexandrabergery.fr\/wp-content\/uploads\/2020\/02\/Sans-nom-2.pdf\"><img decoding=\"async\" loading=\"lazy\" class=\"wp-image-761 size-full alignright\" src=\"https:\/\/www.alexandrabergery.fr\/wp-content\/uploads\/2020\/02\/Sans-nom-2.jpg\" alt=\"\" width=\"793\" height=\"1123\" srcset=\"https:\/\/www.alexandrabergery.fr\/wp-content\/uploads\/2020\/02\/Sans-nom-2.jpg 793w, https:\/\/www.alexandrabergery.fr\/wp-content\/uploads\/2020\/02\/Sans-nom-2-212x300.jpg 212w, https:\/\/www.alexandrabergery.fr\/wp-content\/uploads\/2020\/02\/Sans-nom-2-768x1088.jpg 768w, https:\/\/www.alexandrabergery.fr\/wp-content\/uploads\/2020\/02\/Sans-nom-2-723x1024.jpg 723w\" sizes=\"(max-width: 793px) 100vw, 793px\" \/><\/a><\/p>\n<p><img decoding=\"async\" loading=\"lazy\" class=\" wp-image-829 alignnone\" src=\"https:\/\/www.alexandrabergery.fr\/wp-content\/uploads\/2020\/05\/logoABergery-300x300.jpg\" alt=\"\" width=\"55\" height=\"55\" srcset=\"https:\/\/www.alexandrabergery.fr\/wp-content\/uploads\/2020\/05\/logoABergery-300x300.jpg 300w, https:\/\/www.alexandrabergery.fr\/wp-content\/uploads\/2020\/05\/logoABergery-1024x1024.jpg 1024w, https:\/\/www.alexandrabergery.fr\/wp-content\/uploads\/2020\/05\/logoABergery-150x150.jpg 150w, https:\/\/www.alexandrabergery.fr\/wp-content\/uploads\/2020\/05\/logoABergery-768x768.jpg 768w, https:\/\/www.alexandrabergery.fr\/wp-content\/uploads\/2020\/05\/logoABergery.jpg 1280w\" sizes=\"(max-width: 55px) 100vw, 55px\" \/><\/p>\n<div>&nbsp;<\/div>\n","protected":false},"excerpt":{"rendered":"<p>Projet collectif avec des \u00e9l\u00e8ves de 3\u00e8me au coll\u00e8ge Paul Fort \u00e0 Is sur Tille &amp; r\u00e9alisations lors d&rsquo;ateliers \u00e0 Saint Apollinaire, Espace Mosa\u00efque. &nbsp;<\/p>\n","protected":false},"author":1,"featured_media":0,"parent":0,"menu_order":0,"comment_status":"closed","ping_status":"closed","template":"onecolumn-page.php","meta":{"ngg_post_thumbnail":0},"_links":{"self":[{"href":"https:\/\/www.alexandrabergery.fr\/index.php\/wp-json\/wp\/v2\/pages\/754"}],"collection":[{"href":"https:\/\/www.alexandrabergery.fr\/index.php\/wp-json\/wp\/v2\/pages"}],"about":[{"href":"https:\/\/www.alexandrabergery.fr\/index.php\/wp-json\/wp\/v2\/types\/page"}],"author":[{"embeddable":true,"href":"https:\/\/www.alexandrabergery.fr\/index.php\/wp-json\/wp\/v2\/users\/1"}],"replies":[{"embeddable":true,"href":"https:\/\/www.alexandrabergery.fr\/index.php\/wp-json\/wp\/v2\/comments?post=754"}],"version-history":[{"count":18,"href":"https:\/\/www.alexandrabergery.fr\/index.php\/wp-json\/wp\/v2\/pages\/754\/revisions"}],"predecessor-version":[{"id":1480,"href":"https:\/\/www.alexandrabergery.fr\/index.php\/wp-json\/wp\/v2\/pages\/754\/revisions\/1480"}],"wp:attachment":[{"href":"https:\/\/www.alexandrabergery.fr\/index.php\/wp-json\/wp\/v2\/media?parent=754"}],"curies":[{"name":"wp","href":"https:\/\/api.w.org\/{rel}","templated":true}]}}