{"id":87,"date":"2016-11-21T19:34:21","date_gmt":"2016-11-21T18:34:21","guid":{"rendered":"http:\/\/alexandrabergery.fr\/?page_id=87"},"modified":"2026-04-20T10:21:03","modified_gmt":"2026-04-20T08:21:03","slug":"cours-stages","status":"publish","type":"page","link":"https:\/\/www.alexandrabergery.fr\/index.php\/cours-stages\/","title":{"rendered":"Ateliers"},"content":{"rendered":"<h2><img decoding=\"async\" loading=\"lazy\" class=\"alignleft wp-image-31\" src=\"http:\/\/alexandrabergery.fr\/wp-content\/uploads\/2016\/10\/cropped-logo1a-1-300x300.jpg\" alt=\"LogoAB\" width=\"69\" height=\"69\" srcset=\"https:\/\/www.alexandrabergery.fr\/wp-content\/uploads\/2016\/10\/cropped-logo1a-1-300x300.jpg 300w, https:\/\/www.alexandrabergery.fr\/wp-content\/uploads\/2016\/10\/cropped-logo1a-1-150x150.jpg 150w, https:\/\/www.alexandrabergery.fr\/wp-content\/uploads\/2016\/10\/cropped-logo1a-1-270x270.jpg 270w, https:\/\/www.alexandrabergery.fr\/wp-content\/uploads\/2016\/10\/cropped-logo1a-1-192x192.jpg 192w, https:\/\/www.alexandrabergery.fr\/wp-content\/uploads\/2016\/10\/cropped-logo1a-1-180x180.jpg 180w, https:\/\/www.alexandrabergery.fr\/wp-content\/uploads\/2016\/10\/cropped-logo1a-1-32x32.jpg 32w, https:\/\/www.alexandrabergery.fr\/wp-content\/uploads\/2016\/10\/cropped-logo1a-1.jpg 512w\" sizes=\"(max-width: 69px) 100vw, 69px\" \/><span style=\"color: #003300;\"><em>Atelier situ\u00e9 38 rue Louis Cailletet, \u00e0 Dijon.(bus 11-12 ou 18)<\/em><\/span><\/h2>\n<p>Inscriptions: alexandra.bergery@free.fr ou 07-68-95-87-45.<\/p>\n<p><strong><span style=\"color: #800080;\">Visite de l&rsquo;atelier sur rendez-vous.&nbsp;<\/span><\/strong><\/p>\n<h3><span style=\"color: #333399;\">Parce qu&rsquo;il est important de prendre un moment pour soi et de cultiver son jardin int\u00e9rieur, je vous propose de venir cr\u00e9er lors de stages ou d&rsquo;ateliers ( th\u00e8me libre,&nbsp; &nbsp;mandalas, ou d&rsquo;apr\u00e8s un dessin, mod\u00e8le que vous apportez).<\/span><\/h3>\n<h4>Cours sur demande.<\/h4>\n<h3><span style=\"color: #0000ff;\">-Le samedi matin et \/ou apr\u00e8s midi : le 25 avril, le 23 mai et le 20 juin,&nbsp; de 9h \u00e0 12h et de 14h \u00e0 17h.<\/span><\/h3>\n<h4><span style=\"color: #0000ff;\">Tarif: 55 euros la demi-journ\u00e9e, 105 euros la journ\u00e9e.<\/span><\/h4>\n<h3><span style=\"color: #0000ff;\">&#8211;<strong>Stage de 4 jours<\/strong> : le jeudi 9 , vendredi 10 samedi 11 et dimanche 12 juillet 2026, de 9h \u00e0 12h et de 14h \u00e0 17h. Les stages sont id\u00e9als pour r\u00e9aliser un plus grand projet, pour d\u00e9buter en d\u00e9buter un, ou simplement pour avancer sur une r\u00e9alisation.<\/span><\/h3>\n<h4><span style=\"color: #0000ff;\">Tarif \u00e0 la journ\u00e9e : un jour 105 \u20ac, deux jours 210 euros, trois jours 310 euros, quatre jours 405 euros.<\/span><\/h4>\n<div class=\"cliquemailHiddenPopup\" style=\"z-index: 1102;\">&nbsp;<\/div>\n","protected":false},"excerpt":{"rendered":"<p>Atelier situ\u00e9 38 rue Louis Cailletet, \u00e0 Dijon.(bus 11-12 ou 18) Inscriptions: alexandra.bergery@free.fr ou 07-68-95-87-45. Visite de l&rsquo;atelier sur rendez-vous.&nbsp; Parce qu&rsquo;il est important de prendre un moment pour soi et de cultiver son jardin int\u00e9rieur, je vous propose de &hellip; <a href=\"https:\/\/www.alexandrabergery.fr\/index.php\/cours-stages\/\">Continuer la lecture <span class=\"meta-nav\">&rarr;<\/span><\/a><\/p>\n","protected":false},"author":1,"featured_media":0,"parent":0,"menu_order":0,"comment_status":"closed","ping_status":"closed","template":"onecolumn-page.php","meta":{"ngg_post_thumbnail":0},"_links":{"self":[{"href":"https:\/\/www.alexandrabergery.fr\/index.php\/wp-json\/wp\/v2\/pages\/87"}],"collection":[{"href":"https:\/\/www.alexandrabergery.fr\/index.php\/wp-json\/wp\/v2\/pages"}],"about":[{"href":"https:\/\/www.alexandrabergery.fr\/index.php\/wp-json\/wp\/v2\/types\/page"}],"author":[{"embeddable":true,"href":"https:\/\/www.alexandrabergery.fr\/index.php\/wp-json\/wp\/v2\/users\/1"}],"replies":[{"embeddable":true,"href":"https:\/\/www.alexandrabergery.fr\/index.php\/wp-json\/wp\/v2\/comments?post=87"}],"version-history":[{"count":452,"href":"https:\/\/www.alexandrabergery.fr\/index.php\/wp-json\/wp\/v2\/pages\/87\/revisions"}],"predecessor-version":[{"id":1513,"href":"https:\/\/www.alexandrabergery.fr\/index.php\/wp-json\/wp\/v2\/pages\/87\/revisions\/1513"}],"wp:attachment":[{"href":"https:\/\/www.alexandrabergery.fr\/index.php\/wp-json\/wp\/v2\/media?parent=87"}],"curies":[{"name":"wp","href":"https:\/\/api.w.org\/{rel}","templated":true}]}}