{"id":95,"date":"2016-11-21T19:37:14","date_gmt":"2016-11-21T18:37:14","guid":{"rendered":"http:\/\/alexandrabergery.fr\/?page_id=95"},"modified":"2026-01-12T20:54:01","modified_gmt":"2026-01-12T19:54:01","slug":"biographie","status":"publish","type":"page","link":"https:\/\/www.alexandrabergery.fr\/index.php\/biographie\/","title":{"rendered":"Biographie"},"content":{"rendered":"<h1><img decoding=\"async\" loading=\"lazy\" class=\"wp-image-31 alignleft\" src=\"http:\/\/alexandrabergery.fr\/wp-content\/uploads\/2016\/10\/cropped-logo1a-1-300x300.jpg\" alt=\"LogoAB\" width=\"69\" height=\"69\" srcset=\"https:\/\/www.alexandrabergery.fr\/wp-content\/uploads\/2016\/10\/cropped-logo1a-1-300x300.jpg 300w, https:\/\/www.alexandrabergery.fr\/wp-content\/uploads\/2016\/10\/cropped-logo1a-1-150x150.jpg 150w, https:\/\/www.alexandrabergery.fr\/wp-content\/uploads\/2016\/10\/cropped-logo1a-1-270x270.jpg 270w, https:\/\/www.alexandrabergery.fr\/wp-content\/uploads\/2016\/10\/cropped-logo1a-1-192x192.jpg 192w, https:\/\/www.alexandrabergery.fr\/wp-content\/uploads\/2016\/10\/cropped-logo1a-1-180x180.jpg 180w, https:\/\/www.alexandrabergery.fr\/wp-content\/uploads\/2016\/10\/cropped-logo1a-1-32x32.jpg 32w, https:\/\/www.alexandrabergery.fr\/wp-content\/uploads\/2016\/10\/cropped-logo1a-1.jpg 512w\" sizes=\"(max-width: 69px) 100vw, 69px\" \/><\/h1>\n<p><em><span style=\"color: #0000ff;\"><span style=\"color: #ff99cc;\"> &nbsp;<span style=\"color: #800080;\">&nbsp; <\/span><\/span><\/span><span style=\"color: #0000ff;\"><span style=\"color: #800080;\"><strong>Cr\u00e9er<\/strong> est quelque chose d\u2019Essentiel pour moi.<\/span><br \/>\n<\/span><\/em><\/p>\n<p style=\"text-align: justify;\"><em><span style=\"color: #0000ff;\">&nbsp;&nbsp;&nbsp;&nbsp;&nbsp;&nbsp;&nbsp;<span style=\"color: #000080;\">&nbsp;&nbsp; Attir\u00e9e par l&rsquo;art depuis toute petite, c&rsquo;est au d\u00e9but de ma licence en Histoire de l&rsquo;art <\/span><\/span><span style=\"color: #000080;\">que je d\u00e9couvre la mosa\u00efque. C&rsquo;est une r\u00e9v\u00e9lation. Je d\u00e9cide alors d&rsquo;aller <\/span><\/em><br \/>\n<span style=\"color: #000080;\"><em>me former \u00e0 l\u2019\u00c9cole Professionnelle des mosa\u00efstes de Spilimbergo dans le <\/em><\/span><br \/>\n<span style=\"color: #000080;\"><em>Frioul, en Italie.<\/em><\/span><br \/>\n<span style=\"color: #000080;\"><em>&nbsp;&nbsp; Apr\u00e8s cette formation de 3 ans, o\u00f9 j&rsquo;apprends les diff\u00e9rentes techniques et l&#8217;emploi de la marteline et du tranchet, je commence \u00e0 r\u00e9aliser des cr\u00e9ations.<br \/>\n<\/em><\/span><\/p>\n<p style=\"text-align: justify;\"><span style=\"color: #000080;\"><em>&nbsp;&nbsp;&nbsp;&nbsp;&nbsp;&nbsp;&nbsp;&nbsp;&nbsp; Tesselle apr\u00e8s tesselle, j\u2019aime utiliser et disposer chacune d\u2019elle en fonction de ses<br \/>\ncaract\u00e9ristiques (mat, brillant, rugueux, lisse, vert, jaune, bleu&#8230;) et l\u2019associer aux autres pour former un tout harmonieux. <\/em><\/span><\/p>\n<p style=\"text-align: justify;\"><span style=\"color: #000080;\"><em>&nbsp;&nbsp;&nbsp;&nbsp;&nbsp;&nbsp;&nbsp;&nbsp; Mon style assez color\u00e9, s&rsquo;inspire de la Nature, du v\u00e9g\u00e9tal, et de l\u2019Univers. C&rsquo;est le lien subtil entre tous ces \u00e9l\u00e9ments qui m&rsquo;interpelle. De l\u2019infiniment grand \u00e0 l\u2019infiniment petit et inversement, de l\u2019atome jusqu\u2019aux galaxies, au multivers, tout est ordre, nombre, g\u00e9om\u00e9trie&#8230;particule de lumi\u00e8re. Des branches d\u2019un arbre, des feuilles d\u2019un arbuste, des p\u00e9tales d\u2019une fleur \u00e0 l&rsquo;immensit\u00e9 invisible du multivers, il n\u2019y a qu\u2019un saut.&nbsp;<\/em><\/span><\/p>\n<p><span style=\"color: #000080;\"><em>&nbsp;&nbsp;&nbsp;&nbsp;&nbsp;&nbsp;&nbsp; Portons notre regard vers l&rsquo;essentiel, pour en voir la quintessence, celle d&rsquo;un ailleurs tout autre&#8230;<br \/>\n<\/em><\/span><\/p>\n<p><span style=\"color: #000080;\"><em>&nbsp;&nbsp;&nbsp;&nbsp;&nbsp;&nbsp; <\/em><\/span><\/p>\n<p>&nbsp;<\/p>\n","protected":false},"excerpt":{"rendered":"<p>&nbsp;&nbsp; Cr\u00e9er est quelque chose d\u2019Essentiel pour moi. &nbsp;&nbsp;&nbsp;&nbsp;&nbsp;&nbsp;&nbsp;&nbsp;&nbsp; Attir\u00e9e par l&rsquo;art depuis toute petite, c&rsquo;est au d\u00e9but de ma licence en Histoire de l&rsquo;art que je d\u00e9couvre la mosa\u00efque. C&rsquo;est une r\u00e9v\u00e9lation. Je d\u00e9cide alors d&rsquo;aller me former \u00e0 &hellip; <a href=\"https:\/\/www.alexandrabergery.fr\/index.php\/biographie\/\">Continuer la lecture <span class=\"meta-nav\">&rarr;<\/span><\/a><\/p>\n","protected":false},"author":1,"featured_media":0,"parent":0,"menu_order":0,"comment_status":"closed","ping_status":"closed","template":"onecolumn-page.php","meta":{"ngg_post_thumbnail":0},"_links":{"self":[{"href":"https:\/\/www.alexandrabergery.fr\/index.php\/wp-json\/wp\/v2\/pages\/95"}],"collection":[{"href":"https:\/\/www.alexandrabergery.fr\/index.php\/wp-json\/wp\/v2\/pages"}],"about":[{"href":"https:\/\/www.alexandrabergery.fr\/index.php\/wp-json\/wp\/v2\/types\/page"}],"author":[{"embeddable":true,"href":"https:\/\/www.alexandrabergery.fr\/index.php\/wp-json\/wp\/v2\/users\/1"}],"replies":[{"embeddable":true,"href":"https:\/\/www.alexandrabergery.fr\/index.php\/wp-json\/wp\/v2\/comments?post=95"}],"version-history":[{"count":61,"href":"https:\/\/www.alexandrabergery.fr\/index.php\/wp-json\/wp\/v2\/pages\/95\/revisions"}],"predecessor-version":[{"id":1446,"href":"https:\/\/www.alexandrabergery.fr\/index.php\/wp-json\/wp\/v2\/pages\/95\/revisions\/1446"}],"wp:attachment":[{"href":"https:\/\/www.alexandrabergery.fr\/index.php\/wp-json\/wp\/v2\/media?parent=95"}],"curies":[{"name":"wp","href":"https:\/\/api.w.org\/{rel}","templated":true}]}}