{"id":97,"date":"2016-11-21T19:38:09","date_gmt":"2016-11-21T18:38:09","guid":{"rendered":"http:\/\/alexandrabergery.fr\/?page_id=97"},"modified":"2026-04-20T10:40:12","modified_gmt":"2026-04-20T08:40:12","slug":"galerie","status":"publish","type":"page","link":"https:\/\/www.alexandrabergery.fr\/index.php\/galerie\/","title":{"rendered":"Galerie"},"content":{"rendered":"<p>Chaque cr\u00e9ation est une \u0153uvre originale.<\/p>\n<h1><img decoding=\"async\" loading=\"lazy\" class=\"wp-image-31 alignleft\" src=\"http:\/\/alexandrabergery.fr\/wp-content\/uploads\/2016\/10\/cropped-logo1a-1-300x300.jpg\" alt=\"LogoAB\" width=\"69\" height=\"69\" srcset=\"https:\/\/www.alexandrabergery.fr\/wp-content\/uploads\/2016\/10\/cropped-logo1a-1-300x300.jpg 300w, https:\/\/www.alexandrabergery.fr\/wp-content\/uploads\/2016\/10\/cropped-logo1a-1-150x150.jpg 150w, https:\/\/www.alexandrabergery.fr\/wp-content\/uploads\/2016\/10\/cropped-logo1a-1-270x270.jpg 270w, https:\/\/www.alexandrabergery.fr\/wp-content\/uploads\/2016\/10\/cropped-logo1a-1-192x192.jpg 192w, https:\/\/www.alexandrabergery.fr\/wp-content\/uploads\/2016\/10\/cropped-logo1a-1-180x180.jpg 180w, https:\/\/www.alexandrabergery.fr\/wp-content\/uploads\/2016\/10\/cropped-logo1a-1-32x32.jpg 32w, https:\/\/www.alexandrabergery.fr\/wp-content\/uploads\/2016\/10\/cropped-logo1a-1.jpg 512w\" sizes=\"(max-width: 69px) 100vw, 69px\" \/><\/h1>\n<p>&nbsp;<\/p>\n<h1><em><span style=\"color: #0000ff;\">S\u00e9rie en cours de r\u00e9alisations:&nbsp;<\/span><\/em><\/h1>\n<div id=\"attachment_1515\" style=\"width: 160px\" class=\"wp-caption alignleft\"><img aria-describedby=\"caption-attachment-1515\" decoding=\"async\" loading=\"lazy\" class=\"wp-image-1515 size-thumbnail\" src=\"https:\/\/www.alexandrabergery.fr\/wp-content\/uploads\/2026\/04\/IMG_3500-150x150.jpg\" alt=\"\" width=\"150\" height=\"150\" srcset=\"https:\/\/www.alexandrabergery.fr\/wp-content\/uploads\/2026\/04\/IMG_3500-150x150.jpg 150w, https:\/\/www.alexandrabergery.fr\/wp-content\/uploads\/2026\/04\/IMG_3500-300x297.jpg 300w\" sizes=\"(max-width: 150px) 100vw, 150px\" \/><p id=\"caption-attachment-1515\" class=\"wp-caption-text\">Ciel de C\u00e9r\u00e8s (42x42cm)<\/p><\/div>\n<div id=\"attachment_1517\" style=\"width: 160px\" class=\"wp-caption alignleft\"><img aria-describedby=\"caption-attachment-1517\" decoding=\"async\" loading=\"lazy\" class=\"wp-image-1517 size-thumbnail\" src=\"https:\/\/www.alexandrabergery.fr\/wp-content\/uploads\/2026\/04\/IMG_3502-150x150.jpg\" alt=\"\" width=\"150\" height=\"150\"><p id=\"caption-attachment-1517\" class=\"wp-caption-text\">Ciel du Soleil (42x42cm)<\/p><\/div>\n<div id=\"attachment_1514\" style=\"width: 160px\" class=\"wp-caption alignleft\"><img aria-describedby=\"caption-attachment-1514\" decoding=\"async\" loading=\"lazy\" class=\"wp-image-1514 size-thumbnail\" src=\"https:\/\/www.alexandrabergery.fr\/wp-content\/uploads\/2026\/04\/IMG_3497-150x150.jpg\" alt=\"\" width=\"150\" height=\"150\" srcset=\"https:\/\/www.alexandrabergery.fr\/wp-content\/uploads\/2026\/04\/IMG_3497-150x150.jpg 150w, https:\/\/www.alexandrabergery.fr\/wp-content\/uploads\/2026\/04\/IMG_3497-298x300.jpg 298w, https:\/\/www.alexandrabergery.fr\/wp-content\/uploads\/2026\/04\/IMG_3497-1016x1024.jpg 1016w, https:\/\/www.alexandrabergery.fr\/wp-content\/uploads\/2026\/04\/IMG_3497-768x774.jpg 768w, https:\/\/www.alexandrabergery.fr\/wp-content\/uploads\/2026\/04\/IMG_3497-1524x1536.jpg 1524w, https:\/\/www.alexandrabergery.fr\/wp-content\/uploads\/2026\/04\/IMG_3497-2032x2048.jpg 2032w\" sizes=\"(max-width: 150px) 100vw, 150px\" \/><p id=\"caption-attachment-1514\" class=\"wp-caption-text\">Relier (42x42cm)<\/p><\/div>\n<div id=\"attachment_1518\" style=\"width: 160px\" class=\"wp-caption alignnone\"><img aria-describedby=\"caption-attachment-1518\" decoding=\"async\" loading=\"lazy\" class=\"wp-image-1518 size-thumbnail\" src=\"https:\/\/www.alexandrabergery.fr\/wp-content\/uploads\/2026\/04\/IMG_3508-150x150.jpg\" alt=\"\" width=\"150\" height=\"150\"><p id=\"caption-attachment-1518\" class=\"wp-caption-text\">Yang de Pluton (44x44cm)<\/p><\/div>\n<p><img decoding=\"async\" loading=\"lazy\" class=\"size-thumbnail wp-image-1520 alignleft\" src=\"https:\/\/www.alexandrabergery.fr\/wp-content\/uploads\/2026\/04\/DSC03569-150x150.jpg\" alt=\"\" width=\"150\" height=\"150\" srcset=\"https:\/\/www.alexandrabergery.fr\/wp-content\/uploads\/2026\/04\/DSC03569-150x150.jpg 150w, https:\/\/www.alexandrabergery.fr\/wp-content\/uploads\/2026\/04\/DSC03569-300x300.jpg 300w, https:\/\/www.alexandrabergery.fr\/wp-content\/uploads\/2026\/04\/DSC03569-768x768.jpg 768w, https:\/\/www.alexandrabergery.fr\/wp-content\/uploads\/2026\/04\/DSC03569.jpg 989w\" sizes=\"(max-width: 150px) 100vw, 150px\" \/><\/p>\n<h1>&nbsp;<\/h1>\n<p>Maternit\u00e9&nbsp;<\/p>\n<p>(id\u00e9al pour un cabinet de sage femme ou autre)<\/p>\n<h1><span style=\"color: #808000;\"><em><strong>L&rsquo;univers.<\/strong><\/em><\/span><\/h1>\n<div id='gallery-1' class='gallery galleryid-97 gallery-columns-6 gallery-size-thumbnail'><dl class='gallery-item'>\n\t\t\t<dt class='gallery-icon landscape'>\n\t\t\t\t<a href='https:\/\/www.alexandrabergery.fr\/wp-content\/uploads\/2022\/06\/IMG_0002bb-scaled.jpg'><img width=\"150\" height=\"150\" src=\"https:\/\/www.alexandrabergery.fr\/wp-content\/uploads\/2022\/06\/IMG_0002bb-150x150.jpg\" class=\"attachment-thumbnail size-thumbnail\" alt=\"\" decoding=\"async\" loading=\"lazy\" aria-describedby=\"gallery-1-1211\" \/><\/a>\n\t\t\t<\/dt>\n\t\t\t\t<dd class='wp-caption-text gallery-caption' id='gallery-1-1211'>\n\t\t\t\tAu coeur de l&rsquo;\u00e9ternit\u00e9.    ( 1m\u00e8tre de diam\u00e8tre).\n\t\t\t\t<\/dd><\/dl><dl class='gallery-item'>\n\t\t\t<dt class='gallery-icon portrait'>\n\t\t\t\t<a href='https:\/\/www.alexandrabergery.fr\/wp-content\/uploads\/2019\/05\/P1020411b.jpg'><img width=\"150\" height=\"150\" src=\"https:\/\/www.alexandrabergery.fr\/wp-content\/uploads\/2019\/05\/P1020411b-150x150.jpg\" class=\"attachment-thumbnail size-thumbnail\" alt=\"\" decoding=\"async\" loading=\"lazy\" aria-describedby=\"gallery-1-587\" \/><\/a>\n\t\t\t<\/dt>\n\t\t\t\t<dd class='wp-caption-text gallery-caption' id='gallery-1-587'>\n\t\t\t\tLiens qui relient les constellations sid\u00e9rales  (55x25cm)\n\t\t\t\t<\/dd><\/dl><dl class='gallery-item'>\n\t\t\t<dt class='gallery-icon landscape'>\n\t\t\t\t<a href='https:\/\/www.alexandrabergery.fr\/wp-content\/uploads\/2019\/05\/P1030476.jpg'><img width=\"150\" height=\"150\" src=\"https:\/\/www.alexandrabergery.fr\/wp-content\/uploads\/2019\/05\/P1030476-150x150.jpg\" class=\"attachment-thumbnail size-thumbnail\" alt=\"\" decoding=\"async\" loading=\"lazy\" aria-describedby=\"gallery-1-594\" srcset=\"https:\/\/www.alexandrabergery.fr\/wp-content\/uploads\/2019\/05\/P1030476-150x150.jpg 150w, https:\/\/www.alexandrabergery.fr\/wp-content\/uploads\/2019\/05\/P1030476-300x300.jpg 300w, https:\/\/www.alexandrabergery.fr\/wp-content\/uploads\/2019\/05\/P1030476-768x765.jpg 768w, https:\/\/www.alexandrabergery.fr\/wp-content\/uploads\/2019\/05\/P1030476-1024x1020.jpg 1024w\" sizes=\"(max-width: 150px) 100vw, 150px\" \/><\/a>\n\t\t\t<\/dt>\n\t\t\t\t<dd class='wp-caption-text gallery-caption' id='gallery-1-594'>\n\t\t\t\tEnergies cosmiques (25x25cm)\n\t\t\t\t<\/dd><\/dl><dl class='gallery-item'>\n\t\t\t<dt class='gallery-icon landscape'>\n\t\t\t\t<a href='https:\/\/www.alexandrabergery.fr\/wp-content\/uploads\/2019\/05\/P1030480.jpg'><img width=\"150\" height=\"150\" src=\"https:\/\/www.alexandrabergery.fr\/wp-content\/uploads\/2019\/05\/P1030480-150x150.jpg\" class=\"attachment-thumbnail size-thumbnail\" alt=\"\" decoding=\"async\" loading=\"lazy\" aria-describedby=\"gallery-1-597\" \/><\/a>\n\t\t\t<\/dt>\n\t\t\t\t<dd class='wp-caption-text gallery-caption' id='gallery-1-597'>\n\t\t\t\tSaturne (18cm) \n\t\t\t\t<\/dd><\/dl><dl class='gallery-item'>\n\t\t\t<dt class='gallery-icon portrait'>\n\t\t\t\t<a href='https:\/\/www.alexandrabergery.fr\/wp-content\/uploads\/2020\/01\/P1040357b.jpg'><img width=\"150\" height=\"150\" src=\"https:\/\/www.alexandrabergery.fr\/wp-content\/uploads\/2020\/01\/P1040357b-150x150.jpg\" class=\"attachment-thumbnail size-thumbnail\" alt=\"\" decoding=\"async\" loading=\"lazy\" aria-describedby=\"gallery-1-740\" \/><\/a>\n\t\t\t<\/dt>\n\t\t\t\t<dd class='wp-caption-text gallery-caption' id='gallery-1-740'>\n\t\t\t\tRose de vie ( 25cm)\n\t\t\t\t<\/dd><\/dl>\n\t\t\t<br style='clear: both' \/>\n\t\t<\/div>\n\n<ul>\n<li>\n<h2><span style=\"color: #99cc00;\"><em><strong><span style=\"color: #99cc00;\">Le r\u00e8gne v\u00e9g\u00e9tal.<\/span><br \/>\n<\/strong><\/em><\/span><\/h2>\n<\/li>\n<\/ul>\n<div id='gallery-2' class='gallery galleryid-97 gallery-columns-6 gallery-size-thumbnail'><dl class='gallery-item'>\n\t\t\t<dt class='gallery-icon landscape'>\n\t\t\t\t<a href='https:\/\/www.alexandrabergery.fr\/wp-content\/uploads\/2022\/06\/P1040541-scaled-e1656245917272.jpg'><img width=\"150\" height=\"150\" src=\"https:\/\/www.alexandrabergery.fr\/wp-content\/uploads\/2022\/06\/P1040541-scaled-e1656245917272-150x150.jpg\" class=\"attachment-thumbnail size-thumbnail\" alt=\"\" decoding=\"async\" loading=\"lazy\" aria-describedby=\"gallery-2-1212\" \/><\/a>\n\t\t\t<\/dt>\n\t\t\t\t<dd class='wp-caption-text gallery-caption' id='gallery-2-1212'>\n\t\t\t\tC\u00e8dre (59x44cm)\n\t\t\t\t<\/dd><\/dl><dl class='gallery-item'>\n\t\t\t<dt class='gallery-icon landscape'>\n\t\t\t\t<a href='https:\/\/www.alexandrabergery.fr\/wp-content\/uploads\/2016\/11\/IMGP4858bbpttt-1.jpg'><img width=\"150\" height=\"150\" src=\"https:\/\/www.alexandrabergery.fr\/wp-content\/uploads\/2016\/11\/IMGP4858bbpttt-1-150x150.jpg\" class=\"attachment-thumbnail size-thumbnail\" alt=\"\" decoding=\"async\" loading=\"lazy\" aria-describedby=\"gallery-2-278\" \/><\/a>\n\t\t\t<\/dt>\n\t\t\t\t<dd class='wp-caption-text gallery-caption' id='gallery-2-278'>\n\t\t\t\tErable (100x65cm)\n\t\t\t\t<\/dd><\/dl><dl class='gallery-item'>\n\t\t\t<dt class='gallery-icon portrait'>\n\t\t\t\t<a href='https:\/\/www.alexandrabergery.fr\/wp-content\/uploads\/2016\/11\/IMGP3881bptt.jpg'><img width=\"150\" height=\"150\" src=\"https:\/\/www.alexandrabergery.fr\/wp-content\/uploads\/2016\/11\/IMGP3881bptt-150x150.jpg\" class=\"attachment-thumbnail size-thumbnail\" alt=\"\" decoding=\"async\" loading=\"lazy\" aria-describedby=\"gallery-2-42\" \/><\/a>\n\t\t\t<\/dt>\n\t\t\t\t<dd class='wp-caption-text gallery-caption' id='gallery-2-42'>\n\t\t\t\tReflet  (35x75cm)\n\t\t\t\t<\/dd><\/dl><dl class='gallery-item'>\n\t\t\t<dt class='gallery-icon portrait'>\n\t\t\t\t<a href='https:\/\/www.alexandrabergery.fr\/wp-content\/uploads\/2019\/05\/P1030207.jpg'><img width=\"150\" height=\"150\" src=\"https:\/\/www.alexandrabergery.fr\/wp-content\/uploads\/2019\/05\/P1030207-150x150.jpg\" class=\"attachment-thumbnail size-thumbnail\" alt=\"\" decoding=\"async\" loading=\"lazy\" aria-describedby=\"gallery-2-592\" srcset=\"https:\/\/www.alexandrabergery.fr\/wp-content\/uploads\/2019\/05\/P1030207-150x150.jpg 150w, https:\/\/www.alexandrabergery.fr\/wp-content\/uploads\/2019\/05\/P1030207-298x300.jpg 298w, https:\/\/www.alexandrabergery.fr\/wp-content\/uploads\/2019\/05\/P1030207-768x774.jpg 768w, https:\/\/www.alexandrabergery.fr\/wp-content\/uploads\/2019\/05\/P1030207-1016x1024.jpg 1016w, https:\/\/www.alexandrabergery.fr\/wp-content\/uploads\/2019\/05\/P1030207.jpg 1149w\" sizes=\"(max-width: 150px) 100vw, 150px\" \/><\/a>\n\t\t\t<\/dt>\n\t\t\t\t<dd class='wp-caption-text gallery-caption' id='gallery-2-592'>\n\t\t\t\tFleurs bleues  (25x25cm)\n\t\t\t\t<\/dd><\/dl><dl class='gallery-item'>\n\t\t\t<dt class='gallery-icon portrait'>\n\t\t\t\t<a href='https:\/\/www.alexandrabergery.fr\/wp-content\/uploads\/2019\/05\/P1030054.jpg'><img width=\"150\" height=\"150\" src=\"https:\/\/www.alexandrabergery.fr\/wp-content\/uploads\/2019\/05\/P1030054-150x150.jpg\" class=\"attachment-thumbnail size-thumbnail\" alt=\"\" decoding=\"async\" loading=\"lazy\" aria-describedby=\"gallery-2-590\" srcset=\"https:\/\/www.alexandrabergery.fr\/wp-content\/uploads\/2019\/05\/P1030054-150x150.jpg 150w, https:\/\/www.alexandrabergery.fr\/wp-content\/uploads\/2019\/05\/P1030054-300x300.jpg 300w, https:\/\/www.alexandrabergery.fr\/wp-content\/uploads\/2019\/05\/P1030054-768x769.jpg 768w, https:\/\/www.alexandrabergery.fr\/wp-content\/uploads\/2019\/05\/P1030054-1022x1024.jpg 1022w\" sizes=\"(max-width: 150px) 100vw, 150px\" \/><\/a>\n\t\t\t<\/dt>\n\t\t\t\t<dd class='wp-caption-text gallery-caption' id='gallery-2-590'>\n\t\t\t\tAncolie violette  (25x25cm)\n\t\t\t\t<\/dd><\/dl><dl class='gallery-item'>\n\t\t\t<dt class='gallery-icon landscape'>\n\t\t\t\t<a href='https:\/\/www.alexandrabergery.fr\/wp-content\/uploads\/2019\/05\/P1030051.jpg'><img width=\"150\" height=\"150\" src=\"https:\/\/www.alexandrabergery.fr\/wp-content\/uploads\/2019\/05\/P1030051-150x150.jpg\" class=\"attachment-thumbnail size-thumbnail\" alt=\"\" decoding=\"async\" loading=\"lazy\" aria-describedby=\"gallery-2-589\" \/><\/a>\n\t\t\t<\/dt>\n\t\t\t\t<dd class='wp-caption-text gallery-caption' id='gallery-2-589'>\n\t\t\t\t Feuilles  (20x30cm)\n\t\t\t\t<\/dd><\/dl><br style=\"clear: both\" \/>\n\t\t<\/div>\n\n<ul>\n<li>\n<h2><span style=\"color: #0000ff;\"><em><strong>Portraits :<\/strong> <\/em><\/span><\/h2>\n<\/li>\n<\/ul>\n<div id='gallery-3' class='gallery galleryid-97 gallery-columns-6 gallery-size-thumbnail'><dl class='gallery-item'>\n\t\t\t<dt class='gallery-icon landscape'>\n\t\t\t\t<a href='https:\/\/www.alexandrabergery.fr\/wp-content\/uploads\/2016\/11\/IMGP4891bptt.jpg'><img width=\"150\" height=\"150\" src=\"https:\/\/www.alexandrabergery.fr\/wp-content\/uploads\/2016\/11\/IMGP4891bptt-150x150.jpg\" class=\"attachment-thumbnail size-thumbnail\" alt=\"\" decoding=\"async\" loading=\"lazy\" aria-describedby=\"gallery-3-59\" \/><\/a>\n\t\t\t<\/dt>\n\t\t\t\t<dd class='wp-caption-text gallery-caption' id='gallery-3-59'>\n\t\t\t\tMucha \n\t\t\t\t<\/dd><\/dl><dl class='gallery-item'>\n\t\t\t<dt class='gallery-icon portrait'>\n\t\t\t\t<a href='https:\/\/www.alexandrabergery.fr\/wp-content\/uploads\/2016\/11\/IMGP0161ptt.jpg'><img width=\"150\" height=\"150\" src=\"https:\/\/www.alexandrabergery.fr\/wp-content\/uploads\/2016\/11\/IMGP0161ptt-150x150.jpg\" class=\"attachment-thumbnail size-thumbnail\" alt=\"\" decoding=\"async\" loading=\"lazy\" aria-describedby=\"gallery-3-36\" \/><\/a>\n\t\t\t<\/dt>\n\t\t\t\t<dd class='wp-caption-text gallery-caption' id='gallery-3-36'>\n\t\t\t\tKlimt \n\t\t\t\t<\/dd><\/dl><dl class='gallery-item'>\n\t\t\t<dt class='gallery-icon portrait'>\n\t\t\t\t<a href='https:\/\/www.alexandrabergery.fr\/wp-content\/uploads\/2016\/11\/IMGP5221bptt.jpg'><img width=\"150\" height=\"150\" src=\"https:\/\/www.alexandrabergery.fr\/wp-content\/uploads\/2016\/11\/IMGP5221bptt-150x150.jpg\" class=\"attachment-thumbnail size-thumbnail\" alt=\"\" decoding=\"async\" loading=\"lazy\" aria-describedby=\"gallery-3-62\" \/><\/a>\n\t\t\t<\/dt>\n\t\t\t\t<dd class='wp-caption-text gallery-caption' id='gallery-3-62'>\n\t\t\t\tMadone (30x40cm) \n\t\t\t\t<\/dd><\/dl>\n\t\t\t<br style='clear: both' \/>\n\t\t<\/div>\n\n<ul>\n<li>\n<h2><span style=\"color: #008000;\"><em><strong>Abstractions :<\/strong><\/em><\/span><\/h2>\n<\/li>\n<\/ul>\n<div id='gallery-4' class='gallery galleryid-97 gallery-columns-6 gallery-size-thumbnail'><dl class='gallery-item'>\n\t\t\t<dt class='gallery-icon portrait'>\n\t\t\t\t<a href='https:\/\/www.alexandrabergery.fr\/wp-content\/uploads\/2016\/11\/IMGP4334bptt.jpg'><img width=\"150\" height=\"150\" src=\"https:\/\/www.alexandrabergery.fr\/wp-content\/uploads\/2016\/11\/IMGP4334bptt-150x150.jpg\" class=\"attachment-thumbnail size-thumbnail\" alt=\"\" decoding=\"async\" loading=\"lazy\" aria-describedby=\"gallery-4-52\" srcset=\"https:\/\/www.alexandrabergery.fr\/wp-content\/uploads\/2016\/11\/IMGP4334bptt-150x150.jpg 150w, https:\/\/www.alexandrabergery.fr\/wp-content\/uploads\/2016\/11\/IMGP4334bptt-298x300.jpg 298w, https:\/\/www.alexandrabergery.fr\/wp-content\/uploads\/2016\/11\/IMGP4334bptt.jpg 396w\" sizes=\"(max-width: 150px) 100vw, 150px\" \/><\/a>\n\t\t\t<\/dt>\n\t\t\t\t<dd class='wp-caption-text gallery-caption' id='gallery-4-52'>\n\t\t\t\tCosmos (30x30cm)\n\t\t\t\t<\/dd><\/dl><dl class='gallery-item'>\n\t\t\t<dt class='gallery-icon landscape'>\n\t\t\t\t<a href='https:\/\/www.alexandrabergery.fr\/wp-content\/uploads\/2022\/06\/P1050140b.jpg'><img width=\"150\" height=\"150\" src=\"https:\/\/www.alexandrabergery.fr\/wp-content\/uploads\/2022\/06\/P1050140b-150x150.jpg\" class=\"attachment-thumbnail size-thumbnail\" alt=\"\" decoding=\"async\" loading=\"lazy\" aria-describedby=\"gallery-4-1213\" \/><\/a>\n\t\t\t<\/dt>\n\t\t\t\t<dd class='wp-caption-text gallery-caption' id='gallery-4-1213'>\n\t\t\t\tPallas\n\t\t\t\t<\/dd><\/dl><dl class='gallery-item'>\n\t\t\t<dt class='gallery-icon landscape'>\n\t\t\t\t<a href='https:\/\/www.alexandrabergery.fr\/wp-content\/uploads\/2019\/05\/P1020493b.jpg'><img width=\"150\" height=\"150\" src=\"https:\/\/www.alexandrabergery.fr\/wp-content\/uploads\/2019\/05\/P1020493b-150x150.jpg\" class=\"attachment-thumbnail size-thumbnail\" alt=\"\" decoding=\"async\" loading=\"lazy\" aria-describedby=\"gallery-4-588\" \/><\/a>\n\t\t\t<\/dt>\n\t\t\t\t<dd class='wp-caption-text gallery-caption' id='gallery-4-588'>\n\t\t\t\tAndrom\u00e8de (galaxie)\n\t\t\t\t<\/dd><\/dl><dl class='gallery-item'>\n\t\t\t<dt class='gallery-icon portrait'>\n\t\t\t\t<a href='https:\/\/www.alexandrabergery.fr\/wp-content\/uploads\/2016\/11\/IMGP5354bptt.jpg'><img width=\"150\" height=\"150\" src=\"https:\/\/www.alexandrabergery.fr\/wp-content\/uploads\/2016\/11\/IMGP5354bptt-150x150.jpg\" class=\"attachment-thumbnail size-thumbnail\" alt=\"\" decoding=\"async\" loading=\"lazy\" aria-describedby=\"gallery-4-64\" \/><\/a>\n\t\t\t<\/dt>\n\t\t\t\t<dd class='wp-caption-text gallery-caption' id='gallery-4-64'>\n\t\t\t\tRe Naissance I ( 41x45cm)\n\t\t\t\t<\/dd><\/dl><dl class='gallery-item'>\n\t\t\t<dt class='gallery-icon landscape'>\n\t\t\t\t<a href='https:\/\/www.alexandrabergery.fr\/wp-content\/uploads\/2016\/11\/IMGP5884bptt.jpg'><img width=\"150\" height=\"150\" src=\"https:\/\/www.alexandrabergery.fr\/wp-content\/uploads\/2016\/11\/IMGP5884bptt-150x150.jpg\" class=\"attachment-thumbnail size-thumbnail\" alt=\"\" decoding=\"async\" loading=\"lazy\" aria-describedby=\"gallery-4-70\" \/><\/a>\n\t\t\t<\/dt>\n\t\t\t\t<dd class='wp-caption-text gallery-caption' id='gallery-4-70'>\n\t\t\t\tCouches de l&rsquo;ame\n\t\t\t\t<\/dd><\/dl><dl class='gallery-item'>\n\t\t\t<dt class='gallery-icon portrait'>\n\t\t\t\t<a href='https:\/\/www.alexandrabergery.fr\/wp-content\/uploads\/2016\/11\/IMGP4742bptt.jpg'><img width=\"150\" height=\"150\" src=\"https:\/\/www.alexandrabergery.fr\/wp-content\/uploads\/2016\/11\/IMGP4742bptt-150x150.jpg\" class=\"attachment-thumbnail size-thumbnail\" alt=\"\" decoding=\"async\" loading=\"lazy\" aria-describedby=\"gallery-4-56\" \/><\/a>\n\t\t\t<\/dt>\n\t\t\t\t<dd class='wp-caption-text gallery-caption' id='gallery-4-56'>\n\t\t\t\tOndes II \n\t\t\t\t<\/dd><\/dl><br style=\"clear: both\" \/><dl class='gallery-item'>\n\t\t\t<dt class='gallery-icon portrait'>\n\t\t\t\t<a href='https:\/\/www.alexandrabergery.fr\/wp-content\/uploads\/2022\/06\/P1040580-scaled.jpg'><img width=\"150\" height=\"150\" src=\"https:\/\/www.alexandrabergery.fr\/wp-content\/uploads\/2022\/06\/P1040580-150x150.jpg\" class=\"attachment-thumbnail size-thumbnail\" alt=\"\" decoding=\"async\" loading=\"lazy\" aria-describedby=\"gallery-4-1216\" \/><\/a>\n\t\t\t<\/dt>\n\t\t\t\t<dd class='wp-caption-text gallery-caption' id='gallery-4-1216'>\n\t\t\t\tLe Nou \n\t\t\t\t<\/dd><\/dl><dl class='gallery-item'>\n\t\t\t<dt class='gallery-icon portrait'>\n\t\t\t\t<a href='https:\/\/www.alexandrabergery.fr\/wp-content\/uploads\/2016\/11\/IMGP3097bptt.jpg'><img width=\"150\" height=\"150\" src=\"https:\/\/www.alexandrabergery.fr\/wp-content\/uploads\/2016\/11\/IMGP3097bptt-150x150.jpg\" class=\"attachment-thumbnail size-thumbnail\" alt=\"\" decoding=\"async\" loading=\"lazy\" aria-describedby=\"gallery-4-39\" \/><\/a>\n\t\t\t<\/dt>\n\t\t\t\t<dd class='wp-caption-text gallery-caption' id='gallery-4-39'>\n\t\t\t\tFleurir \n\t\t\t\t<\/dd><\/dl>\n\t\t\t<br style='clear: both' \/>\n\t\t<\/div>\n\n<ul>\n<li>\n<h2><span style=\"color: #333399;\"><strong><span style=\"color: #003300;\">Mosa\u00efques antiques :<\/span><br \/>\n<\/strong><\/span><\/h2>\n<p><div id='gallery-5' class='gallery galleryid-97 gallery-columns-5 gallery-size-thumbnail'><dl class='gallery-item'>\n\t\t\t<dt class='gallery-icon portrait'>\n\t\t\t\t<a href='https:\/\/www.alexandrabergery.fr\/wp-content\/uploads\/2016\/11\/IMGP3897b.jpg'><img width=\"150\" height=\"150\" src=\"https:\/\/www.alexandrabergery.fr\/wp-content\/uploads\/2016\/11\/IMGP3897b-150x150.jpg\" class=\"attachment-thumbnail size-thumbnail\" alt=\"\" decoding=\"async\" loading=\"lazy\" aria-describedby=\"gallery-5-43\" \/><\/a>\n\t\t\t<\/dt>\n\t\t\t\t<dd class='wp-caption-text gallery-caption' id='gallery-5-43'>\n\t\t\t\tRosace ( 25cm )\n\t\t\t\t<\/dd><\/dl><dl class='gallery-item'>\n\t\t\t<dt class='gallery-icon portrait'>\n\t\t\t\t<a href='https:\/\/www.alexandrabergery.fr\/wp-content\/uploads\/2022\/06\/IMG_0153-scaled.jpg'><img width=\"150\" height=\"150\" src=\"https:\/\/www.alexandrabergery.fr\/wp-content\/uploads\/2022\/06\/IMG_0153-150x150.jpg\" class=\"attachment-thumbnail size-thumbnail\" alt=\"\" decoding=\"async\" loading=\"lazy\" aria-describedby=\"gallery-5-1214\" \/><\/a>\n\t\t\t<\/dt>\n\t\t\t\t<dd class='wp-caption-text gallery-caption' id='gallery-5-1214'>\n\t\t\t\tLianes rouges: La force de l&rsquo;esprit\n\t\t\t\t<\/dd><\/dl><dl class='gallery-item'>\n\t\t\t<dt class='gallery-icon portrait'>\n\t\t\t\t<a href='https:\/\/www.alexandrabergery.fr\/wp-content\/uploads\/2016\/11\/IMGP3160ptt.jpg'><img width=\"150\" height=\"150\" src=\"https:\/\/www.alexandrabergery.fr\/wp-content\/uploads\/2016\/11\/IMGP3160ptt-150x150.jpg\" class=\"attachment-thumbnail size-thumbnail\" alt=\"\" decoding=\"async\" loading=\"lazy\" aria-describedby=\"gallery-5-40\" \/><\/a>\n\t\t\t<\/dt>\n\t\t\t\t<dd class='wp-caption-text gallery-caption' id='gallery-5-40'>\n\t\t\t\tMotif celte \n\t\t\t\t<\/dd><\/dl>\n\t\t\t<br style='clear: both' \/>\n\t\t<\/div>\n<\/li>\n<\/ul>\n<div id=\"cliquemailclipboardInfo\" class=\"cliquemailHiddenPopup\" style=\"z-index: 1102;\">\n<div id=\"cliquemailcontentTo\">&nbsp;<\/div>\n<\/div>\n<div id=\"cliquemailclipboardInfo\" class=\"cliquemailHiddenPopup\" style=\"z-index: 1102;\">&nbsp;<\/div>\n<div>&nbsp;<\/div>\n","protected":false},"excerpt":{"rendered":"<p>Chaque cr\u00e9ation est une \u0153uvre originale. &nbsp; S\u00e9rie en cours de r\u00e9alisations:&nbsp; &nbsp; Maternit\u00e9&nbsp; (id\u00e9al pour un cabinet de sage femme ou autre) L&rsquo;univers. Le r\u00e8gne v\u00e9g\u00e9tal. Portraits : Abstractions : Mosa\u00efques antiques : &nbsp; &nbsp; &nbsp;<\/p>\n","protected":false},"author":1,"featured_media":0,"parent":0,"menu_order":0,"comment_status":"closed","ping_status":"closed","template":"onecolumn-page.php","meta":{"ngg_post_thumbnail":0},"_links":{"self":[{"href":"https:\/\/www.alexandrabergery.fr\/index.php\/wp-json\/wp\/v2\/pages\/97"}],"collection":[{"href":"https:\/\/www.alexandrabergery.fr\/index.php\/wp-json\/wp\/v2\/pages"}],"about":[{"href":"https:\/\/www.alexandrabergery.fr\/index.php\/wp-json\/wp\/v2\/types\/page"}],"author":[{"embeddable":true,"href":"https:\/\/www.alexandrabergery.fr\/index.php\/wp-json\/wp\/v2\/users\/1"}],"replies":[{"embeddable":true,"href":"https:\/\/www.alexandrabergery.fr\/index.php\/wp-json\/wp\/v2\/comments?post=97"}],"version-history":[{"count":61,"href":"https:\/\/www.alexandrabergery.fr\/index.php\/wp-json\/wp\/v2\/pages\/97\/revisions"}],"predecessor-version":[{"id":1523,"href":"https:\/\/www.alexandrabergery.fr\/index.php\/wp-json\/wp\/v2\/pages\/97\/revisions\/1523"}],"wp:attachment":[{"href":"https:\/\/www.alexandrabergery.fr\/index.php\/wp-json\/wp\/v2\/media?parent=97"}],"curies":[{"name":"wp","href":"https:\/\/api.w.org\/{rel}","templated":true}]}}